{"id":1527,"date":"2019-04-23T14:19:12","date_gmt":"2019-04-23T12:19:12","guid":{"rendered":"https:\/\/mryou.mapsgroup.it\/?page_id=1527"},"modified":"2025-09-09T14:19:53","modified_gmt":"2025-09-09T12:19:53","slug":"patient-experience","status":"publish","type":"page","link":"https:\/\/mryou.mapsgroup.it\/it\/patient-experience\/","title":{"rendered":"Patient Experience"},"content":{"rendered":"\t\t<div data-elementor-type=\"wp-page\" data-elementor-id=\"1527\" class=\"elementor elementor-1527\" data-elementor-post-type=\"page\">\n\t\t\t\t<div class=\"elementor-element elementor-element-282e6301 e-con-full e-flex e-con e-parent\" data-id=\"282e6301\" data-element_type=\"container\" data-e-type=\"container\">\n\t\t\t\t<div class=\"elementor-element elementor-element-11b6cd98 elementor-widget elementor-widget-template\" data-id=\"11b6cd98\" data-element_type=\"widget\" data-e-type=\"widget\" data-widget_type=\"template.default\">\n\t\t\t\t<div class=\"elementor-widget-container\">\n\t\t\t\t\t\t\t<div class=\"elementor-template\">\n\t\t\t\t\t<div data-elementor-type=\"container\" data-elementor-id=\"3095\" class=\"elementor elementor-3095\" data-elementor-post-type=\"elementor_library\">\n\t\t\t\t<div class=\"elementor-element elementor-element-1545ee42 e-flex e-con-boxed e-con e-parent\" data-id=\"1545ee42\" data-element_type=\"container\" data-e-type=\"container\" data-settings=\"{&quot;background_background&quot;:&quot;classic&quot;}\">\n\t\t\t\t\t<div class=\"e-con-inner\">\n\t\t\t\t<div class=\"elementor-element elementor-element-6c44bd03 elementor-widget elementor-widget-heading\" data-id=\"6c44bd03\" data-element_type=\"widget\" data-e-type=\"widget\" data-widget_type=\"heading.default\">\n\t\t\t\t<div class=\"elementor-widget-container\">\n\t\t\t\t\t<h1 class=\"elementor-heading-title elementor-size-default\">Patient Experience<\/h1>\t\t\t\t<\/div>\n\t\t\t\t<\/div>\n\t\t\t\t\t<\/div>\n\t\t\t\t<\/div>\n\t\t\t\t<\/div>\n\t\t\t\t<\/div>\n\t\t\t\t\t\t<\/div>\n\t\t\t\t<\/div>\n\t\t\t\t<\/div>\n\t\t<div class=\"elementor-element elementor-element-26237df2 e-flex e-con-boxed e-con e-parent\" data-id=\"26237df2\" data-element_type=\"container\" data-e-type=\"container\" data-settings=\"{&quot;background_background&quot;:&quot;classic&quot;}\">\n\t\t\t\t\t<div class=\"e-con-inner\">\n\t\t<div class=\"elementor-element elementor-element-75d802e8 e-con-full e-flex e-con e-child\" data-id=\"75d802e8\" data-element_type=\"container\" data-e-type=\"container\">\n\t\t\t\t<div class=\"elementor-element elementor-element-ad2f5d2 elementor-widget elementor-widget-heading\" data-id=\"ad2f5d2\" data-element_type=\"widget\" data-e-type=\"widget\" data-widget_type=\"heading.default\">\n\t\t\t\t<div class=\"elementor-widget-container\">\n\t\t\t\t\t<h3 class=\"elementor-heading-title elementor-size-default\">Coi pazienti al centro, tutto funziona meglio<\/h3>\t\t\t\t<\/div>\n\t\t\t\t<\/div>\n\t\t\t\t<div class=\"elementor-element elementor-element-5ec97767 elementor-widget-divider--view-line elementor-widget elementor-widget-divider\" data-id=\"5ec97767\" data-element_type=\"widget\" data-e-type=\"widget\" data-widget_type=\"divider.default\">\n\t\t\t\t<div class=\"elementor-widget-container\">\n\t\t\t\t\t\t\t<div class=\"elementor-divider\">\n\t\t\t<span class=\"elementor-divider-separator\">\n\t\t\t\t\t\t<\/span>\n\t\t<\/div>\n\t\t\t\t\t\t<\/div>\n\t\t\t\t<\/div>\n\t\t\t\t<div class=\"elementor-element elementor-element-30934311 elementor-widget elementor-widget-heading\" data-id=\"30934311\" data-element_type=\"widget\" data-e-type=\"widget\" data-widget_type=\"heading.default\">\n\t\t\t\t<div class=\"elementor-widget-container\">\n\t\t\t\t\t<h4 class=\"elementor-heading-title elementor-size-default\">Migliorare l\u2019ambiente di lavoro e di cura<\/h4>\t\t\t\t<\/div>\n\t\t\t\t<\/div>\n\t\t\t\t<div class=\"elementor-element elementor-element-1d29a5f0 elementor-widget elementor-widget-text-editor\" data-id=\"1d29a5f0\" data-element_type=\"widget\" data-e-type=\"widget\" data-widget_type=\"text-editor.default\">\n\t\t\t\t<div class=\"elementor-widget-container\">\n\t\t\t\t\t\t\t\t\t<p>Siamo convinti che siano proprio i pazienti, <strong>le persone che si muovono all\u2019interno delle strutture sanitarie<\/strong>, a fornire informazioni fondamentali per la funzionalit\u00e0 di tutti i servizi.<\/p><p>MR-You<sup>\u00ae\u00a0 <\/sup>consente di analizzare i<strong> dati dei flussi dei pazienti,<\/strong> cos\u00ec da identificare le aree di miglioramento e rivedere i processi per ottenere risultati pi\u00f9 soddisfacenti: aumentare la qualit\u00e0 dei servizi, velocizzare i tempi, ridurre gli sprechi.<\/p><p>\u00a0<\/p>\t\t\t\t\t\t\t\t<\/div>\n\t\t\t\t<\/div>\n\t\t\t\t<\/div>\n\t\t<div class=\"elementor-element elementor-element-2419483b e-con-full e-flex e-con e-child\" data-id=\"2419483b\" data-element_type=\"container\" data-e-type=\"container\" data-settings=\"{&quot;background_background&quot;:&quot;classic&quot;}\">\n\t\t\t\t<\/div>\n\t\t\t\t\t<\/div>\n\t\t\t\t<\/div>\n\t\t<div class=\"elementor-element elementor-element-65af8caf e-flex e-con-boxed e-con e-parent\" data-id=\"65af8caf\" data-element_type=\"container\" data-e-type=\"container\" data-settings=\"{&quot;background_background&quot;:&quot;classic&quot;}\">\n\t\t\t\t\t<div class=\"e-con-inner\">\n\t\t<div class=\"elementor-element elementor-element-14a9dd8a e-con-full e-flex e-con e-child\" data-id=\"14a9dd8a\" data-element_type=\"container\" data-e-type=\"container\" data-settings=\"{&quot;background_background&quot;:&quot;classic&quot;}\">\n\t\t\t\t<\/div>\n\t\t<div class=\"elementor-element elementor-element-1fb47eb2 e-con-full e-flex e-con e-child\" data-id=\"1fb47eb2\" data-element_type=\"container\" data-e-type=\"container\">\n\t\t\t\t<div class=\"elementor-element elementor-element-d05d5c0 elementor-widget elementor-widget-heading\" data-id=\"d05d5c0\" data-element_type=\"widget\" data-e-type=\"widget\" data-widget_type=\"heading.default\">\n\t\t\t\t<div class=\"elementor-widget-container\">\n\t\t\t\t\t<h3 class=\"elementor-heading-title elementor-size-default\">Soluzioni digitali che aiutano pazienti e accompagnatori\n<\/h3>\t\t\t\t<\/div>\n\t\t\t\t<\/div>\n\t\t\t\t<div class=\"elementor-element elementor-element-fb0832a elementor-widget-divider--view-line elementor-widget elementor-widget-divider\" data-id=\"fb0832a\" data-element_type=\"widget\" data-e-type=\"widget\" data-widget_type=\"divider.default\">\n\t\t\t\t<div class=\"elementor-widget-container\">\n\t\t\t\t\t\t\t<div class=\"elementor-divider\">\n\t\t\t<span class=\"elementor-divider-separator\">\n\t\t\t\t\t\t<\/span>\n\t\t<\/div>\n\t\t\t\t\t\t<\/div>\n\t\t\t\t<\/div>\n\t\t\t\t<div class=\"elementor-element elementor-element-515bf4ab elementor-widget elementor-widget-heading\" data-id=\"515bf4ab\" data-element_type=\"widget\" data-e-type=\"widget\" data-widget_type=\"heading.default\">\n\t\t\t\t<div class=\"elementor-widget-container\">\n\t\t\t\t\t<h4 class=\"elementor-heading-title elementor-size-default\">Canali di contatto sempre attivi<\/h4>\t\t\t\t<\/div>\n\t\t\t\t<\/div>\n\t\t\t\t<div class=\"elementor-element elementor-element-51a3e03e elementor-widget elementor-widget-text-editor\" data-id=\"51a3e03e\" data-element_type=\"widget\" data-e-type=\"widget\" data-widget_type=\"text-editor.default\">\n\t\t\t\t<div class=\"elementor-widget-container\">\n\t\t\t\t\t\t\t\t\t<p>La gestione complessiva delle relazioni con i pazienti lungo tutto il percorso di cura \u00e8 semplificata grazie alle funzionalit\u00e0 di\u00a0MR-You<sup>\u00ae<\/sup>.\u00a0<\/p><p><strong>Accesso ai servizi<\/strong>: gestione delle prenotazioni per visite, invio di promemoria e altri servizi di cortesia.<\/p><p><strong>Trattamento e cure<\/strong>: accoglienza in struttura e supporto informativo per guidare i parenti dei pazienti attraverso i punti di interesse.<\/p><p><strong>Monitoraggio e follow-up<\/strong>: invio di notifiche per il ritiro dei referti e verifica del grado di soddisfazione delle prestazioni ricevute.<\/p>\t\t\t\t\t\t\t\t<\/div>\n\t\t\t\t<\/div>\n\t\t\t\t<\/div>\n\t\t\t\t\t<\/div>\n\t\t\t\t<\/div>\n\t\t<div class=\"elementor-element elementor-element-a43b0d6 e-flex e-con-boxed e-con e-parent\" data-id=\"a43b0d6\" data-element_type=\"container\" data-e-type=\"container\" data-settings=\"{&quot;background_background&quot;:&quot;classic&quot;}\">\n\t\t\t\t\t<div class=\"e-con-inner\">\n\t\t\t\t<div class=\"elementor-element elementor-element-3df7bd62 elementor-widget elementor-widget-heading\" data-id=\"3df7bd62\" data-element_type=\"widget\" data-e-type=\"widget\" data-widget_type=\"heading.default\">\n\t\t\t\t<div class=\"elementor-widget-container\">\n\t\t\t\t\t<h2 class=\"elementor-heading-title elementor-size-default\">Patient Experience<\/h2>\t\t\t\t<\/div>\n\t\t\t\t<\/div>\n\t\t\t\t<div class=\"elementor-element elementor-element-19a220a4 elementor-widget elementor-widget-text-editor\" data-id=\"19a220a4\" data-element_type=\"widget\" data-e-type=\"widget\" data-widget_type=\"text-editor.default\">\n\t\t\t\t<div class=\"elementor-widget-container\">\n\t\t\t\t\t\t\t\t\t<p>Scopri come progettare percorsi che migliorano l&#8217;esperienza dei tuoi pazienti<br \/>nelle fasi di prenotazione, accoglienza e attesa in struttura.<\/p>\t\t\t\t\t\t\t\t<\/div>\n\t\t\t\t<\/div>\n\t\t\t\t<div class=\"elementor-element elementor-element-4b242070 elementor-align-center elementor-widget elementor-widget-button\" data-id=\"4b242070\" data-element_type=\"widget\" data-e-type=\"widget\" data-widget_type=\"button.default\">\n\t\t\t\t<div class=\"elementor-widget-container\">\n\t\t\t\t\t\t\t\t\t<div class=\"elementor-button-wrapper\">\n\t\t\t\t\t<a class=\"elementor-button elementor-button-link elementor-size-sm\" href=\"https:\/\/content-healthcare.mapsgroup.it\/infografica-patient-experience\" target=\"_blank\">\n\t\t\t\t\t\t<span class=\"elementor-button-content-wrapper\">\n\t\t\t\t\t\t\t\t\t<span class=\"elementor-button-text\">approfondisci<\/span>\n\t\t\t\t\t<\/span>\n\t\t\t\t\t<\/a>\n\t\t\t\t<\/div>\n\t\t\t\t\t\t\t\t<\/div>\n\t\t\t\t<\/div>\n\t\t\t\t\t<\/div>\n\t\t\t\t<\/div>\n\t\t\t\t<\/div>\n\t\t","protected":false},"excerpt":{"rendered":"<p>Coi pazienti al centro, tutto funziona meglio Migliorare l\u2019ambiente di lavoro e di cura Siamo convinti che siano proprio i pazienti, le persone che si muovono all\u2019interno delle strutture sanitarie, a fornire informazioni fondamentali per la funzionalit\u00e0 di tutti i servizi. MR-You\u00ae\u00a0 consente di analizzare i dati dei flussi dei pazienti, cos\u00ec da identificare le [&hellip;]<\/p>\n","protected":false},"author":3,"featured_media":0,"parent":0,"menu_order":0,"comment_status":"closed","ping_status":"closed","template":"","meta":{"footnotes":""},"class_list":["post-1527","page","type-page","status-publish","hentry"],"yoast_head":"<!-- This site is optimized with the Yoast SEO plugin v27.1.1 - https:\/\/yoast.com\/product\/yoast-seo-wordpress\/ -->\n<title>Patient Experience | MR-You\u00ae<\/title>\n<meta name=\"description\" content=\"Patient Experience: scopri come la digitalizzazione permette di aumentare la qualit\u00e0 dei servizi, velocizzare i tempi e ridurre le attese.\" \/>\n<meta name=\"robots\" content=\"index, follow, max-snippet:-1, max-image-preview:large, max-video-preview:-1\" \/>\n<link rel=\"canonical\" href=\"https:\/\/mryou.mapsgroup.it\/it\/patient-experience\/\" \/>\n<meta property=\"og:locale\" content=\"it_IT\" \/>\n<meta property=\"og:type\" content=\"article\" \/>\n<meta property=\"og:title\" content=\"Patient Experience | MR-You\u00ae\" \/>\n<meta property=\"og:description\" content=\"Patient Experience: scopri come la digitalizzazione permette di aumentare la qualit\u00e0 dei servizi, velocizzare i tempi e ridurre le attese.\" \/>\n<meta property=\"og:url\" content=\"https:\/\/mryou.mapsgroup.it\/it\/patient-experience\/\" \/>\n<meta property=\"og:site_name\" content=\"MR-You\u00ae\" \/>\n<meta property=\"article:modified_time\" content=\"2025-09-09T12:19:53+00:00\" \/>\n<meta name=\"twitter:card\" content=\"summary_large_image\" \/>\n<meta name=\"twitter:label1\" content=\"Tempo di lettura stimato\" \/>\n\t<meta name=\"twitter:data1\" content=\"2 minuti\" \/>\n<script type=\"application\/ld+json\" class=\"yoast-schema-graph\">{\"@context\":\"https:\/\/schema.org\",\"@graph\":[{\"@type\":\"WebPage\",\"@id\":\"https:\/\/mryou.mapsgroup.it\/it\/patient-experience\/\",\"url\":\"https:\/\/mryou.mapsgroup.it\/it\/patient-experience\/\",\"name\":\"Patient Experience | MR-You\u00ae\",\"isPartOf\":{\"@id\":\"https:\/\/mryou.mapsgroup.it\/#website\"},\"datePublished\":\"2019-04-23T12:19:12+00:00\",\"dateModified\":\"2025-09-09T12:19:53+00:00\",\"description\":\"Patient Experience: scopri come la digitalizzazione permette di aumentare la qualit\u00e0 dei servizi, velocizzare i tempi e ridurre le attese.\",\"breadcrumb\":{\"@id\":\"https:\/\/mryou.mapsgroup.it\/it\/patient-experience\/#breadcrumb\"},\"inLanguage\":\"it-IT\",\"potentialAction\":[{\"@type\":\"ReadAction\",\"target\":[\"https:\/\/mryou.mapsgroup.it\/it\/patient-experience\/\"]}]},{\"@type\":\"BreadcrumbList\",\"@id\":\"https:\/\/mryou.mapsgroup.it\/it\/patient-experience\/#breadcrumb\",\"itemListElement\":[{\"@type\":\"ListItem\",\"position\":1,\"name\":\"Home\",\"item\":\"https:\/\/mryou.mapsgroup.it\/it\/\"},{\"@type\":\"ListItem\",\"position\":2,\"name\":\"Patient Experience\"}]},{\"@type\":\"WebSite\",\"@id\":\"https:\/\/mryou.mapsgroup.it\/#website\",\"url\":\"https:\/\/mryou.mapsgroup.it\/\",\"name\":\"MR-You\",\"description\":\"\",\"publisher\":{\"@id\":\"https:\/\/mryou.mapsgroup.it\/#organization\"},\"potentialAction\":[{\"@type\":\"SearchAction\",\"target\":{\"@type\":\"EntryPoint\",\"urlTemplate\":\"https:\/\/mryou.mapsgroup.it\/?s={search_term_string}\"},\"query-input\":{\"@type\":\"PropertyValueSpecification\",\"valueRequired\":true,\"valueName\":\"search_term_string\"}}],\"inLanguage\":\"it-IT\"},{\"@type\":\"Organization\",\"@id\":\"https:\/\/mryou.mapsgroup.it\/#organization\",\"name\":\"MR-You\",\"url\":\"https:\/\/mryou.mapsgroup.it\/\",\"logo\":{\"@type\":\"ImageObject\",\"inLanguage\":\"it-IT\",\"@id\":\"https:\/\/mryou.mapsgroup.it\/#\/schema\/logo\/image\/\",\"url\":\"https:\/\/mryou.mapsgroup.it\/wp-content\/uploads\/2019\/04\/ESECUTIVO-MR-YOU_1@2x.png\",\"contentUrl\":\"https:\/\/mryou.mapsgroup.it\/wp-content\/uploads\/2019\/04\/ESECUTIVO-MR-YOU_1@2x.png\",\"width\":706,\"height\":546,\"caption\":\"MR-You\"},\"image\":{\"@id\":\"https:\/\/mryou.mapsgroup.it\/#\/schema\/logo\/image\/\"}}]}<\/script>\n<!-- \/ Yoast SEO plugin. -->","yoast_head_json":{"title":"Patient Experience | MR-You\u00ae","description":"Patient Experience: scopri come la digitalizzazione permette di aumentare la qualit\u00e0 dei servizi, velocizzare i tempi e ridurre le attese.","robots":{"index":"index","follow":"follow","max-snippet":"max-snippet:-1","max-image-preview":"max-image-preview:large","max-video-preview":"max-video-preview:-1"},"canonical":"https:\/\/mryou.mapsgroup.it\/it\/patient-experience\/","og_locale":"it_IT","og_type":"article","og_title":"Patient Experience | MR-You\u00ae","og_description":"Patient Experience: scopri come la digitalizzazione permette di aumentare la qualit\u00e0 dei servizi, velocizzare i tempi e ridurre le attese.","og_url":"https:\/\/mryou.mapsgroup.it\/it\/patient-experience\/","og_site_name":"MR-You\u00ae","article_modified_time":"2025-09-09T12:19:53+00:00","twitter_card":"summary_large_image","twitter_misc":{"Tempo di lettura stimato":"2 minuti"},"schema":{"@context":"https:\/\/schema.org","@graph":[{"@type":"WebPage","@id":"https:\/\/mryou.mapsgroup.it\/it\/patient-experience\/","url":"https:\/\/mryou.mapsgroup.it\/it\/patient-experience\/","name":"Patient Experience | MR-You\u00ae","isPartOf":{"@id":"https:\/\/mryou.mapsgroup.it\/#website"},"datePublished":"2019-04-23T12:19:12+00:00","dateModified":"2025-09-09T12:19:53+00:00","description":"Patient Experience: scopri come la digitalizzazione permette di aumentare la qualit\u00e0 dei servizi, velocizzare i tempi e ridurre le attese.","breadcrumb":{"@id":"https:\/\/mryou.mapsgroup.it\/it\/patient-experience\/#breadcrumb"},"inLanguage":"it-IT","potentialAction":[{"@type":"ReadAction","target":["https:\/\/mryou.mapsgroup.it\/it\/patient-experience\/"]}]},{"@type":"BreadcrumbList","@id":"https:\/\/mryou.mapsgroup.it\/it\/patient-experience\/#breadcrumb","itemListElement":[{"@type":"ListItem","position":1,"name":"Home","item":"https:\/\/mryou.mapsgroup.it\/it\/"},{"@type":"ListItem","position":2,"name":"Patient Experience"}]},{"@type":"WebSite","@id":"https:\/\/mryou.mapsgroup.it\/#website","url":"https:\/\/mryou.mapsgroup.it\/","name":"MR-You","description":"","publisher":{"@id":"https:\/\/mryou.mapsgroup.it\/#organization"},"potentialAction":[{"@type":"SearchAction","target":{"@type":"EntryPoint","urlTemplate":"https:\/\/mryou.mapsgroup.it\/?s={search_term_string}"},"query-input":{"@type":"PropertyValueSpecification","valueRequired":true,"valueName":"search_term_string"}}],"inLanguage":"it-IT"},{"@type":"Organization","@id":"https:\/\/mryou.mapsgroup.it\/#organization","name":"MR-You","url":"https:\/\/mryou.mapsgroup.it\/","logo":{"@type":"ImageObject","inLanguage":"it-IT","@id":"https:\/\/mryou.mapsgroup.it\/#\/schema\/logo\/image\/","url":"https:\/\/mryou.mapsgroup.it\/wp-content\/uploads\/2019\/04\/ESECUTIVO-MR-YOU_1@2x.png","contentUrl":"https:\/\/mryou.mapsgroup.it\/wp-content\/uploads\/2019\/04\/ESECUTIVO-MR-YOU_1@2x.png","width":706,"height":546,"caption":"MR-You"},"image":{"@id":"https:\/\/mryou.mapsgroup.it\/#\/schema\/logo\/image\/"}}]}},"_links":{"self":[{"href":"https:\/\/mryou.mapsgroup.it\/it\/wp-json\/wp\/v2\/pages\/1527","targetHints":{"allow":["GET"]}}],"collection":[{"href":"https:\/\/mryou.mapsgroup.it\/it\/wp-json\/wp\/v2\/pages"}],"about":[{"href":"https:\/\/mryou.mapsgroup.it\/it\/wp-json\/wp\/v2\/types\/page"}],"author":[{"embeddable":true,"href":"https:\/\/mryou.mapsgroup.it\/it\/wp-json\/wp\/v2\/users\/3"}],"replies":[{"embeddable":true,"href":"https:\/\/mryou.mapsgroup.it\/it\/wp-json\/wp\/v2\/comments?post=1527"}],"version-history":[{"count":27,"href":"https:\/\/mryou.mapsgroup.it\/it\/wp-json\/wp\/v2\/pages\/1527\/revisions"}],"predecessor-version":[{"id":4205,"href":"https:\/\/mryou.mapsgroup.it\/it\/wp-json\/wp\/v2\/pages\/1527\/revisions\/4205"}],"wp:attachment":[{"href":"https:\/\/mryou.mapsgroup.it\/it\/wp-json\/wp\/v2\/media?parent=1527"}],"curies":[{"name":"wp","href":"https:\/\/api.w.org\/{rel}","templated":true}]}}