{"id":1513,"date":"2019-04-19T16:37:07","date_gmt":"2019-04-19T14:37:07","guid":{"rendered":"https:\/\/mryou.mapsgroup.it\/?page_id=1513"},"modified":"2025-08-05T10:59:34","modified_gmt":"2025-08-05T08:59:34","slug":"caratteristiche","status":"publish","type":"page","link":"https:\/\/mryou.mapsgroup.it\/it\/caratteristiche\/","title":{"rendered":"Caratteristiche"},"content":{"rendered":"\t\t<div data-elementor-type=\"wp-page\" data-elementor-id=\"1513\" class=\"elementor elementor-1513\" data-elementor-post-type=\"page\">\n\t\t\t\t<div class=\"elementor-element elementor-element-2d77679a e-con-full e-flex e-con e-parent\" data-id=\"2d77679a\" data-element_type=\"container\" data-e-type=\"container\">\n\t\t\t\t<div class=\"elementor-element elementor-element-1d364055 elementor-widget elementor-widget-template\" data-id=\"1d364055\" data-element_type=\"widget\" data-e-type=\"widget\" data-widget_type=\"template.default\">\n\t\t\t\t<div class=\"elementor-widget-container\">\n\t\t\t\t\t\t\t<div class=\"elementor-template\">\n\t\t\t\t\t<div data-elementor-type=\"container\" data-elementor-id=\"3095\" class=\"elementor elementor-3095\" data-elementor-post-type=\"elementor_library\">\n\t\t\t\t<div class=\"elementor-element elementor-element-1545ee42 e-flex e-con-boxed e-con e-parent\" data-id=\"1545ee42\" data-element_type=\"container\" data-e-type=\"container\" data-settings=\"{&quot;background_background&quot;:&quot;classic&quot;}\">\n\t\t\t\t\t<div class=\"e-con-inner\">\n\t\t\t\t<div class=\"elementor-element elementor-element-6c44bd03 elementor-widget elementor-widget-heading\" data-id=\"6c44bd03\" data-element_type=\"widget\" data-e-type=\"widget\" data-widget_type=\"heading.default\">\n\t\t\t\t<div class=\"elementor-widget-container\">\n\t\t\t\t\t<h1 class=\"elementor-heading-title elementor-size-default\">Caratteristiche<\/h1>\t\t\t\t<\/div>\n\t\t\t\t<\/div>\n\t\t\t\t\t<\/div>\n\t\t\t\t<\/div>\n\t\t\t\t<\/div>\n\t\t\t\t<\/div>\n\t\t\t\t\t\t<\/div>\n\t\t\t\t<\/div>\n\t\t\t\t<\/div>\n\t\t<div class=\"elementor-element elementor-element-29d3624c e-grid e-con-boxed e-con e-parent\" data-id=\"29d3624c\" data-element_type=\"container\" data-e-type=\"container\">\n\t\t\t\t\t<div class=\"e-con-inner\">\n\t\t\t\t<div class=\"elementor-element elementor-element-67f8ea4f elementor-widget elementor-widget-heading\" data-id=\"67f8ea4f\" data-element_type=\"widget\" data-e-type=\"widget\" data-widget_type=\"heading.default\">\n\t\t\t\t<div class=\"elementor-widget-container\">\n\t\t\t\t\t<h2 class=\"elementor-heading-title elementor-size-default\">Perch\u00e9 MR-You\u00ae \u00e8 la Piattaforma Phygital Leader in Italia<\/h2>\t\t\t\t<\/div>\n\t\t\t\t<\/div>\n\t\t\t\t<div class=\"elementor-element elementor-element-6a9e5367 elementor-widget elementor-widget-text-editor\" data-id=\"6a9e5367\" data-element_type=\"widget\" data-e-type=\"widget\" data-widget_type=\"text-editor.default\">\n\t\t\t\t<div class=\"elementor-widget-container\">\n\t\t\t\t\t\t\t\t\t<p>Sicurezza, affidabilit\u00e0, facilit\u00e0 di gestione e reporting efficace sono i punti di forza che hanno reso MR-You\u00ae la piattaforma phygital leader in Italia per la gestione dell&#8217;accoglienza e delle attese in ambito sanitario.<\/p>\t\t\t\t\t\t\t\t<\/div>\n\t\t\t\t<\/div>\n\t\t\t\t\t<\/div>\n\t\t\t\t<\/div>\n\t\t<div class=\"elementor-element elementor-element-6826231a e-flex e-con-boxed e-con e-parent\" data-id=\"6826231a\" data-element_type=\"container\" data-e-type=\"container\">\n\t\t\t\t\t<div class=\"e-con-inner\">\n\t\t<div class=\"elementor-element elementor-element-642472c0 e-con-full e-flex e-con e-child\" data-id=\"642472c0\" data-element_type=\"container\" data-e-type=\"container\">\n\t\t\t\t<div class=\"elementor-element elementor-element-22677521 elementor-align-start elementor-widget__width-initial elementor-icon-list--layout-traditional elementor-list-item-link-full_width elementor-widget elementor-widget-icon-list\" data-id=\"22677521\" data-element_type=\"widget\" data-e-type=\"widget\" data-widget_type=\"icon-list.default\">\n\t\t\t\t<div class=\"elementor-widget-container\">\n\t\t\t\t\t\t\t<ul class=\"elementor-icon-list-items\">\n\t\t\t\t\t\t\t<li class=\"elementor-icon-list-item\">\n\t\t\t\t\t\t\t\t\t\t\t<span class=\"elementor-icon-list-icon\">\n\t\t\t\t\t\t\t<svg aria-hidden=\"true\" class=\"e-font-icon-svg e-far-check-circle\" viewBox=\"0 0 512 512\" xmlns=\"http:\/\/www.w3.org\/2000\/svg\"><path d=\"M256 8C119.033 8 8 119.033 8 256s111.033 248 248 248 248-111.033 248-248S392.967 8 256 8zm0 48c110.532 0 200 89.451 200 200 0 110.532-89.451 200-200 200-110.532 0-200-89.451-200-200 0-110.532 89.451-200 200-200m140.204 130.267l-22.536-22.718c-4.667-4.705-12.265-4.736-16.97-.068L215.346 303.697l-59.792-60.277c-4.667-4.705-12.265-4.736-16.97-.069l-22.719 22.536c-4.705 4.667-4.736 12.265-.068 16.971l90.781 91.516c4.667 4.705 12.265 4.736 16.97.068l172.589-171.204c4.704-4.668 4.734-12.266.067-16.971z\"><\/path><\/svg>\t\t\t\t\t\t<\/span>\n\t\t\t\t\t\t\t\t\t\t<span class=\"elementor-icon-list-text\">Piattaforma modulare, integrata e scalabile<\/span>\n\t\t\t\t\t\t\t\t\t<\/li>\n\t\t\t\t\t\t\t\t<li class=\"elementor-icon-list-item\">\n\t\t\t\t\t\t\t\t\t\t\t<span class=\"elementor-icon-list-icon\">\n\t\t\t\t\t\t\t<svg aria-hidden=\"true\" class=\"e-font-icon-svg e-far-check-circle\" viewBox=\"0 0 512 512\" xmlns=\"http:\/\/www.w3.org\/2000\/svg\"><path d=\"M256 8C119.033 8 8 119.033 8 256s111.033 248 248 248 248-111.033 248-248S392.967 8 256 8zm0 48c110.532 0 200 89.451 200 200 0 110.532-89.451 200-200 200-110.532 0-200-89.451-200-200 0-110.532 89.451-200 200-200m140.204 130.267l-22.536-22.718c-4.667-4.705-12.265-4.736-16.97-.068L215.346 303.697l-59.792-60.277c-4.667-4.705-12.265-4.736-16.97-.069l-22.719 22.536c-4.705 4.667-4.736 12.265-.068 16.971l90.781 91.516c4.667 4.705 12.265 4.736 16.97.068l172.589-171.204c4.704-4.668 4.734-12.266.067-16.971z\"><\/path><\/svg>\t\t\t\t\t\t<\/span>\n\t\t\t\t\t\t\t\t\t\t<span class=\"elementor-icon-list-text\">Caratteristiche tecnico-funzionali conformi ai pi\u00f9 alti standard di mercato<\/span>\n\t\t\t\t\t\t\t\t\t<\/li>\n\t\t\t\t\t\t<\/ul>\n\t\t\t\t\t\t<\/div>\n\t\t\t\t<\/div>\n\t\t\t\t<\/div>\n\t\t<div class=\"elementor-element elementor-element-71108442 e-con-full e-flex e-con e-child\" data-id=\"71108442\" data-element_type=\"container\" data-e-type=\"container\">\n\t\t\t\t<div class=\"elementor-element elementor-element-54b5f235 elementor-align-start elementor-widget__width-initial elementor-icon-list--layout-traditional elementor-list-item-link-full_width elementor-widget elementor-widget-icon-list\" data-id=\"54b5f235\" data-element_type=\"widget\" data-e-type=\"widget\" data-widget_type=\"icon-list.default\">\n\t\t\t\t<div class=\"elementor-widget-container\">\n\t\t\t\t\t\t\t<ul class=\"elementor-icon-list-items\">\n\t\t\t\t\t\t\t<li class=\"elementor-icon-list-item\">\n\t\t\t\t\t\t\t\t\t\t\t<span class=\"elementor-icon-list-icon\">\n\t\t\t\t\t\t\t<svg aria-hidden=\"true\" class=\"e-font-icon-svg e-far-check-circle\" viewBox=\"0 0 512 512\" xmlns=\"http:\/\/www.w3.org\/2000\/svg\"><path d=\"M256 8C119.033 8 8 119.033 8 256s111.033 248 248 248 248-111.033 248-248S392.967 8 256 8zm0 48c110.532 0 200 89.451 200 200 0 110.532-89.451 200-200 200-110.532 0-200-89.451-200-200 0-110.532 89.451-200 200-200m140.204 130.267l-22.536-22.718c-4.667-4.705-12.265-4.736-16.97-.068L215.346 303.697l-59.792-60.277c-4.667-4.705-12.265-4.736-16.97-.069l-22.719 22.536c-4.705 4.667-4.736 12.265-.068 16.971l90.781 91.516c4.667 4.705 12.265 4.736 16.97.068l172.589-171.204c4.704-4.668 4.734-12.266.067-16.971z\"><\/path><\/svg>\t\t\t\t\t\t<\/span>\n\t\t\t\t\t\t\t\t\t\t<span class=\"elementor-icon-list-text\">Tutela della privacy dei pazienti<\/span>\n\t\t\t\t\t\t\t\t\t<\/li>\n\t\t\t\t\t\t\t\t<li class=\"elementor-icon-list-item\">\n\t\t\t\t\t\t\t\t\t\t\t<span class=\"elementor-icon-list-icon\">\n\t\t\t\t\t\t\t<svg aria-hidden=\"true\" class=\"e-font-icon-svg e-far-check-circle\" viewBox=\"0 0 512 512\" xmlns=\"http:\/\/www.w3.org\/2000\/svg\"><path d=\"M256 8C119.033 8 8 119.033 8 256s111.033 248 248 248 248-111.033 248-248S392.967 8 256 8zm0 48c110.532 0 200 89.451 200 200 0 110.532-89.451 200-200 200-110.532 0-200-89.451-200-200 0-110.532 89.451-200 200-200m140.204 130.267l-22.536-22.718c-4.667-4.705-12.265-4.736-16.97-.068L215.346 303.697l-59.792-60.277c-4.667-4.705-12.265-4.736-16.97-.069l-22.719 22.536c-4.705 4.667-4.736 12.265-.068 16.971l90.781 91.516c4.667 4.705 12.265 4.736 16.97.068l172.589-171.204c4.704-4.668 4.734-12.266.067-16.971z\"><\/path><\/svg>\t\t\t\t\t\t<\/span>\n\t\t\t\t\t\t\t\t\t\t<span class=\"elementor-icon-list-text\">Sistema di gestione delle priorita' di chiamata personalizzabile<\/span>\n\t\t\t\t\t\t\t\t\t<\/li>\n\t\t\t\t\t\t<\/ul>\n\t\t\t\t\t\t<\/div>\n\t\t\t\t<\/div>\n\t\t\t\t<\/div>\n\t\t\t\t\t<\/div>\n\t\t\t\t<\/div>\n\t\t<div class=\"elementor-element elementor-element-20a8cda8 e-flex e-con-boxed e-con e-parent\" data-id=\"20a8cda8\" data-element_type=\"container\" data-e-type=\"container\" data-settings=\"{&quot;background_background&quot;:&quot;classic&quot;}\">\n\t\t\t\t\t<div class=\"e-con-inner\">\n\t\t<div class=\"elementor-element elementor-element-27ac5bcb e-con-full e-flex e-con e-child\" data-id=\"27ac5bcb\" data-element_type=\"container\" data-e-type=\"container\">\n\t\t\t\t<div class=\"elementor-element elementor-element-53af2bde elementor-widget elementor-widget-heading\" data-id=\"53af2bde\" data-element_type=\"widget\" data-e-type=\"widget\" data-widget_type=\"heading.default\">\n\t\t\t\t<div class=\"elementor-widget-container\">\n\t\t\t\t\t<h2 class=\"elementor-heading-title elementor-size-default\">Approccio phygital per migliorare l'esperienza dei pazienti <\/h2>\t\t\t\t<\/div>\n\t\t\t\t<\/div>\n\t\t\t\t<div class=\"elementor-element elementor-element-42bc5f1c elementor-widget-divider--view-line elementor-widget elementor-widget-divider\" data-id=\"42bc5f1c\" data-element_type=\"widget\" data-e-type=\"widget\" data-widget_type=\"divider.default\">\n\t\t\t\t<div class=\"elementor-widget-container\">\n\t\t\t\t\t\t\t<div class=\"elementor-divider\">\n\t\t\t<span class=\"elementor-divider-separator\">\n\t\t\t\t\t\t<\/span>\n\t\t<\/div>\n\t\t\t\t\t\t<\/div>\n\t\t\t\t<\/div>\n\t\t\t\t<div class=\"elementor-element elementor-element-6bf5a284 elementor-widget elementor-widget-text-editor\" data-id=\"6bf5a284\" data-element_type=\"widget\" data-e-type=\"widget\" data-widget_type=\"text-editor.default\">\n\t\t\t\t<div class=\"elementor-widget-container\">\n\t\t\t\t\t\t\t\t\t<p>L&#8217;ecosistema di soluzioni, che include totem eliminacode e multifunzione, monitor informativi, software per la gestione dell\u2019accoglienza e web app, permette a ogni paziente di scegliere i touchpoint pi\u00f9 adatti alle sue preferenze, inclinazioni ed esigenze.<\/p><p>MR-You<sup>\u00ae <\/sup>consente di ridurre le attese, accogliere i pazienti e seguirli in ogni passaggio con efficienza, migliorando il lavoro e l\u2019immagine del servizio.<\/p>\t\t\t\t\t\t\t\t<\/div>\n\t\t\t\t<\/div>\n\t\t\t\t<\/div>\n\t\t<div class=\"elementor-element elementor-element-512ed623 e-con-full e-flex e-con e-child\" data-id=\"512ed623\" data-element_type=\"container\" data-e-type=\"container\" data-settings=\"{&quot;background_background&quot;:&quot;classic&quot;}\">\n\t\t\t\t<\/div>\n\t\t\t\t\t<\/div>\n\t\t\t\t<\/div>\n\t\t<div class=\"elementor-element elementor-element-42554aa e-flex e-con-boxed e-con e-parent\" data-id=\"42554aa\" data-element_type=\"container\" data-e-type=\"container\" data-settings=\"{&quot;background_background&quot;:&quot;classic&quot;}\">\n\t\t\t\t\t<div class=\"e-con-inner\">\n\t\t<div class=\"elementor-element elementor-element-14329f8e e-con-full e-flex e-con e-child\" data-id=\"14329f8e\" data-element_type=\"container\" data-e-type=\"container\" data-settings=\"{&quot;background_background&quot;:&quot;classic&quot;}\">\n\t\t\t\t<\/div>\n\t\t<div class=\"elementor-element elementor-element-292b0a99 e-con-full e-flex e-con e-child\" data-id=\"292b0a99\" data-element_type=\"container\" data-e-type=\"container\">\n\t\t\t\t<div class=\"elementor-element elementor-element-46340ecc elementor-widget elementor-widget-heading\" data-id=\"46340ecc\" data-element_type=\"widget\" data-e-type=\"widget\" data-widget_type=\"heading.default\">\n\t\t\t\t<div class=\"elementor-widget-container\">\n\t\t\t\t\t<h2 class=\"elementor-heading-title elementor-size-default\">Strumenti di comunicazione digitale\n<\/h2>\t\t\t\t<\/div>\n\t\t\t\t<\/div>\n\t\t\t\t<div class=\"elementor-element elementor-element-7283e34f elementor-widget elementor-widget-text-editor\" data-id=\"7283e34f\" data-element_type=\"widget\" data-e-type=\"widget\" data-widget_type=\"text-editor.default\">\n\t\t\t\t<div class=\"elementor-widget-container\">\n\t\t\t\t\t\t\t\t\t<p>La comunicazione migliora con l&#8217;invio di informazioni, avvisi e promemoria. Abilitare le persone a gestire i propri appuntamenti da mobile \u00e8 diventato fondamentale.<\/p><p>Offre ai pazienti un&#8217;ampia autonomia nella gestione, snellendo l&#8217;impegno burocratico degli operatori.<\/p>\t\t\t\t\t\t\t\t<\/div>\n\t\t\t\t<\/div>\n\t\t\t\t<\/div>\n\t\t\t\t\t<\/div>\n\t\t\t\t<\/div>\n\t\t<div class=\"elementor-element elementor-element-43a0526d e-flex e-con-boxed e-con e-parent\" data-id=\"43a0526d\" data-element_type=\"container\" data-e-type=\"container\" data-settings=\"{&quot;background_background&quot;:&quot;classic&quot;}\">\n\t\t\t\t\t<div class=\"e-con-inner\">\n\t\t<div class=\"elementor-element elementor-element-8f597b3 e-con-full e-flex e-con e-child\" data-id=\"8f597b3\" data-element_type=\"container\" data-e-type=\"container\">\n\t\t\t\t<div class=\"elementor-element elementor-element-d867367 elementor-widget elementor-widget-heading\" data-id=\"d867367\" data-element_type=\"widget\" data-e-type=\"widget\" data-widget_type=\"heading.default\">\n\t\t\t\t<div class=\"elementor-widget-container\">\n\t\t\t\t\t<h2 class=\"elementor-heading-title elementor-size-default\">Funzionalit\u00e0 organizzative evolute e controllo dei costi\n<\/h2>\t\t\t\t<\/div>\n\t\t\t\t<\/div>\n\t\t\t\t<div class=\"elementor-element elementor-element-54c8d4e0 elementor-widget-divider--view-line elementor-widget elementor-widget-divider\" data-id=\"54c8d4e0\" data-element_type=\"widget\" data-e-type=\"widget\" data-widget_type=\"divider.default\">\n\t\t\t\t<div class=\"elementor-widget-container\">\n\t\t\t\t\t\t\t<div class=\"elementor-divider\">\n\t\t\t<span class=\"elementor-divider-separator\">\n\t\t\t\t\t\t<\/span>\n\t\t<\/div>\n\t\t\t\t\t\t<\/div>\n\t\t\t\t<\/div>\n\t\t\t\t<div class=\"elementor-element elementor-element-772fc694 elementor-widget elementor-widget-text-editor\" data-id=\"772fc694\" data-element_type=\"widget\" data-e-type=\"widget\" data-widget_type=\"text-editor.default\">\n\t\t\t\t<div class=\"elementor-widget-container\">\n\t\t\t\t\t\t\t\t\t<p>La scalabilit\u00e0 di MR-You<sup>\u00ae&nbsp; <\/sup>permette di gestire tutti i touchpoint con assoluta flessibilit\u00e0 e di amministrare pi\u00f9 reparti e servizi da un unico punto di accesso.<\/p>\n<p>Riduce il tempo impiegato dal personale sanitario nella gestione delle attivit\u00e0 amministrative e delle comunicazioni standard.<\/p>\t\t\t\t\t\t\t\t<\/div>\n\t\t\t\t<\/div>\n\t\t\t\t<\/div>\n\t\t<div class=\"elementor-element elementor-element-52599dc e-con-full e-flex e-con e-child\" data-id=\"52599dc\" data-element_type=\"container\" data-e-type=\"container\" data-settings=\"{&quot;background_background&quot;:&quot;classic&quot;}\">\n\t\t\t\t<\/div>\n\t\t\t\t\t<\/div>\n\t\t\t\t<\/div>\n\t\t<div class=\"elementor-element elementor-element-2433252f e-flex e-con-boxed e-con e-parent\" data-id=\"2433252f\" data-element_type=\"container\" data-e-type=\"container\" data-settings=\"{&quot;background_background&quot;:&quot;classic&quot;}\">\n\t\t\t\t\t<div class=\"e-con-inner\">\n\t\t\t\t<div class=\"elementor-element elementor-element-59bcfd9 elementor-widget elementor-widget-heading\" data-id=\"59bcfd9\" data-element_type=\"widget\" data-e-type=\"widget\" data-widget_type=\"heading.default\">\n\t\t\t\t<div class=\"elementor-widget-container\">\n\t\t\t\t\t<h2 class=\"elementor-heading-title elementor-size-default\">Richiedi maggiori informazioni<\/h2>\t\t\t\t<\/div>\n\t\t\t\t<\/div>\n\t\t\t\t<div class=\"elementor-element elementor-element-4591d696 elementor-align-center elementor-widget elementor-widget-button\" data-id=\"4591d696\" data-element_type=\"widget\" data-e-type=\"widget\" data-widget_type=\"button.default\">\n\t\t\t\t<div class=\"elementor-widget-container\">\n\t\t\t\t\t\t\t\t\t<div class=\"elementor-button-wrapper\">\n\t\t\t\t\t<a class=\"elementor-button elementor-button-link elementor-size-sm\" href=\"\/it\/per-richiedere-una-demo\/\">\n\t\t\t\t\t\t<span class=\"elementor-button-content-wrapper\">\n\t\t\t\t\t\t\t\t\t<span class=\"elementor-button-text\">contattaci<\/span>\n\t\t\t\t\t<\/span>\n\t\t\t\t\t<\/a>\n\t\t\t\t<\/div>\n\t\t\t\t\t\t\t\t<\/div>\n\t\t\t\t<\/div>\n\t\t\t\t\t<\/div>\n\t\t\t\t<\/div>\n\t\t\t\t<\/div>\n\t\t","protected":false},"excerpt":{"rendered":"<p>Perch\u00e9 MR-You\u00ae \u00e8 la Piattaforma Phygital Leader in Italia Sicurezza, affidabilit\u00e0, facilit\u00e0 di gestione e reporting efficace sono i punti di forza che hanno reso MR-You\u00ae la piattaforma phygital leader in Italia per la gestione dell&#8217;accoglienza e delle attese in ambito sanitario. Piattaforma modulare, integrata e scalabile Caratteristiche tecnico-funzionali conformi ai pi\u00f9 alti standard di [&hellip;]<\/p>\n","protected":false},"author":3,"featured_media":0,"parent":0,"menu_order":0,"comment_status":"closed","ping_status":"open","template":"","meta":{"footnotes":""},"class_list":["post-1513","page","type-page","status-publish","hentry"],"yoast_head":"<!-- This site is optimized with the Yoast SEO plugin v27.1.1 - https:\/\/yoast.com\/product\/yoast-seo-wordpress\/ -->\n<title>Caratteristiche | MR-You\u00ae<\/title>\n<meta name=\"description\" content=\"Caratteristiche MR-You\u00ae: approccio pygital per rispondere alle esigenza di una sanit\u00e0 connessa, ma attenta alle persone.\" \/>\n<meta name=\"robots\" content=\"index, follow, max-snippet:-1, max-image-preview:large, max-video-preview:-1\" \/>\n<link rel=\"canonical\" href=\"https:\/\/mryou.mapsgroup.it\/it\/caratteristiche\/\" \/>\n<meta property=\"og:locale\" content=\"it_IT\" \/>\n<meta property=\"og:type\" content=\"article\" \/>\n<meta property=\"og:title\" content=\"Caratteristiche | MR-You\u00ae\" \/>\n<meta property=\"og:description\" content=\"Caratteristiche MR-You\u00ae: approccio pygital per rispondere alle esigenza di una sanit\u00e0 connessa, ma attenta alle persone.\" \/>\n<meta property=\"og:url\" content=\"https:\/\/mryou.mapsgroup.it\/it\/caratteristiche\/\" \/>\n<meta property=\"og:site_name\" content=\"MR-You\u00ae\" \/>\n<meta property=\"article:modified_time\" content=\"2025-08-05T08:59:34+00:00\" \/>\n<meta name=\"twitter:card\" content=\"summary_large_image\" \/>\n<meta name=\"twitter:label1\" content=\"Tempo di lettura stimato\" \/>\n\t<meta name=\"twitter:data1\" content=\"2 minuti\" \/>\n<script type=\"application\/ld+json\" class=\"yoast-schema-graph\">{\"@context\":\"https:\/\/schema.org\",\"@graph\":[{\"@type\":\"WebPage\",\"@id\":\"https:\/\/mryou.mapsgroup.it\/it\/caratteristiche\/\",\"url\":\"https:\/\/mryou.mapsgroup.it\/it\/caratteristiche\/\",\"name\":\"Caratteristiche | MR-You\u00ae\",\"isPartOf\":{\"@id\":\"https:\/\/mryou.mapsgroup.it\/#website\"},\"datePublished\":\"2019-04-19T14:37:07+00:00\",\"dateModified\":\"2025-08-05T08:59:34+00:00\",\"description\":\"Caratteristiche MR-You\u00ae: approccio pygital per rispondere alle esigenza di una sanit\u00e0 connessa, ma attenta alle persone.\",\"breadcrumb\":{\"@id\":\"https:\/\/mryou.mapsgroup.it\/it\/caratteristiche\/#breadcrumb\"},\"inLanguage\":\"it-IT\",\"potentialAction\":[{\"@type\":\"ReadAction\",\"target\":[\"https:\/\/mryou.mapsgroup.it\/it\/caratteristiche\/\"]}]},{\"@type\":\"BreadcrumbList\",\"@id\":\"https:\/\/mryou.mapsgroup.it\/it\/caratteristiche\/#breadcrumb\",\"itemListElement\":[{\"@type\":\"ListItem\",\"position\":1,\"name\":\"Home\",\"item\":\"https:\/\/mryou.mapsgroup.it\/it\/\"},{\"@type\":\"ListItem\",\"position\":2,\"name\":\"Caratteristiche\"}]},{\"@type\":\"WebSite\",\"@id\":\"https:\/\/mryou.mapsgroup.it\/#website\",\"url\":\"https:\/\/mryou.mapsgroup.it\/\",\"name\":\"MR-You\",\"description\":\"\",\"publisher\":{\"@id\":\"https:\/\/mryou.mapsgroup.it\/#organization\"},\"potentialAction\":[{\"@type\":\"SearchAction\",\"target\":{\"@type\":\"EntryPoint\",\"urlTemplate\":\"https:\/\/mryou.mapsgroup.it\/?s={search_term_string}\"},\"query-input\":{\"@type\":\"PropertyValueSpecification\",\"valueRequired\":true,\"valueName\":\"search_term_string\"}}],\"inLanguage\":\"it-IT\"},{\"@type\":\"Organization\",\"@id\":\"https:\/\/mryou.mapsgroup.it\/#organization\",\"name\":\"MR-You\",\"url\":\"https:\/\/mryou.mapsgroup.it\/\",\"logo\":{\"@type\":\"ImageObject\",\"inLanguage\":\"it-IT\",\"@id\":\"https:\/\/mryou.mapsgroup.it\/#\/schema\/logo\/image\/\",\"url\":\"https:\/\/mryou.mapsgroup.it\/wp-content\/uploads\/2019\/04\/ESECUTIVO-MR-YOU_1@2x.png\",\"contentUrl\":\"https:\/\/mryou.mapsgroup.it\/wp-content\/uploads\/2019\/04\/ESECUTIVO-MR-YOU_1@2x.png\",\"width\":706,\"height\":546,\"caption\":\"MR-You\"},\"image\":{\"@id\":\"https:\/\/mryou.mapsgroup.it\/#\/schema\/logo\/image\/\"}}]}<\/script>\n<!-- \/ Yoast SEO plugin. -->","yoast_head_json":{"title":"Caratteristiche | MR-You\u00ae","description":"Caratteristiche MR-You\u00ae: approccio pygital per rispondere alle esigenza di una sanit\u00e0 connessa, ma attenta alle persone.","robots":{"index":"index","follow":"follow","max-snippet":"max-snippet:-1","max-image-preview":"max-image-preview:large","max-video-preview":"max-video-preview:-1"},"canonical":"https:\/\/mryou.mapsgroup.it\/it\/caratteristiche\/","og_locale":"it_IT","og_type":"article","og_title":"Caratteristiche | MR-You\u00ae","og_description":"Caratteristiche MR-You\u00ae: approccio pygital per rispondere alle esigenza di una sanit\u00e0 connessa, ma attenta alle persone.","og_url":"https:\/\/mryou.mapsgroup.it\/it\/caratteristiche\/","og_site_name":"MR-You\u00ae","article_modified_time":"2025-08-05T08:59:34+00:00","twitter_card":"summary_large_image","twitter_misc":{"Tempo di lettura stimato":"2 minuti"},"schema":{"@context":"https:\/\/schema.org","@graph":[{"@type":"WebPage","@id":"https:\/\/mryou.mapsgroup.it\/it\/caratteristiche\/","url":"https:\/\/mryou.mapsgroup.it\/it\/caratteristiche\/","name":"Caratteristiche | MR-You\u00ae","isPartOf":{"@id":"https:\/\/mryou.mapsgroup.it\/#website"},"datePublished":"2019-04-19T14:37:07+00:00","dateModified":"2025-08-05T08:59:34+00:00","description":"Caratteristiche MR-You\u00ae: approccio pygital per rispondere alle esigenza di una sanit\u00e0 connessa, ma attenta alle persone.","breadcrumb":{"@id":"https:\/\/mryou.mapsgroup.it\/it\/caratteristiche\/#breadcrumb"},"inLanguage":"it-IT","potentialAction":[{"@type":"ReadAction","target":["https:\/\/mryou.mapsgroup.it\/it\/caratteristiche\/"]}]},{"@type":"BreadcrumbList","@id":"https:\/\/mryou.mapsgroup.it\/it\/caratteristiche\/#breadcrumb","itemListElement":[{"@type":"ListItem","position":1,"name":"Home","item":"https:\/\/mryou.mapsgroup.it\/it\/"},{"@type":"ListItem","position":2,"name":"Caratteristiche"}]},{"@type":"WebSite","@id":"https:\/\/mryou.mapsgroup.it\/#website","url":"https:\/\/mryou.mapsgroup.it\/","name":"MR-You","description":"","publisher":{"@id":"https:\/\/mryou.mapsgroup.it\/#organization"},"potentialAction":[{"@type":"SearchAction","target":{"@type":"EntryPoint","urlTemplate":"https:\/\/mryou.mapsgroup.it\/?s={search_term_string}"},"query-input":{"@type":"PropertyValueSpecification","valueRequired":true,"valueName":"search_term_string"}}],"inLanguage":"it-IT"},{"@type":"Organization","@id":"https:\/\/mryou.mapsgroup.it\/#organization","name":"MR-You","url":"https:\/\/mryou.mapsgroup.it\/","logo":{"@type":"ImageObject","inLanguage":"it-IT","@id":"https:\/\/mryou.mapsgroup.it\/#\/schema\/logo\/image\/","url":"https:\/\/mryou.mapsgroup.it\/wp-content\/uploads\/2019\/04\/ESECUTIVO-MR-YOU_1@2x.png","contentUrl":"https:\/\/mryou.mapsgroup.it\/wp-content\/uploads\/2019\/04\/ESECUTIVO-MR-YOU_1@2x.png","width":706,"height":546,"caption":"MR-You"},"image":{"@id":"https:\/\/mryou.mapsgroup.it\/#\/schema\/logo\/image\/"}}]}},"_links":{"self":[{"href":"https:\/\/mryou.mapsgroup.it\/it\/wp-json\/wp\/v2\/pages\/1513","targetHints":{"allow":["GET"]}}],"collection":[{"href":"https:\/\/mryou.mapsgroup.it\/it\/wp-json\/wp\/v2\/pages"}],"about":[{"href":"https:\/\/mryou.mapsgroup.it\/it\/wp-json\/wp\/v2\/types\/page"}],"author":[{"embeddable":true,"href":"https:\/\/mryou.mapsgroup.it\/it\/wp-json\/wp\/v2\/users\/3"}],"replies":[{"embeddable":true,"href":"https:\/\/mryou.mapsgroup.it\/it\/wp-json\/wp\/v2\/comments?post=1513"}],"version-history":[{"count":16,"href":"https:\/\/mryou.mapsgroup.it\/it\/wp-json\/wp\/v2\/pages\/1513\/revisions"}],"predecessor-version":[{"id":4159,"href":"https:\/\/mryou.mapsgroup.it\/it\/wp-json\/wp\/v2\/pages\/1513\/revisions\/4159"}],"wp:attachment":[{"href":"https:\/\/mryou.mapsgroup.it\/it\/wp-json\/wp\/v2\/media?parent=1513"}],"curies":[{"name":"wp","href":"https:\/\/api.w.org\/{rel}","templated":true}]}}